{"id":3749,"date":"2021-01-15T15:19:06","date_gmt":"2021-01-15T15:19:06","guid":{"rendered":"https:\/\/www.lib.space\/?page_id=3749"},"modified":"2021-01-15T17:07:55","modified_gmt":"2021-01-15T17:07:55","slug":"thank-you","status":"publish","type":"page","link":"https:\/\/www.lib.space\/en\/thank-you\/","title":{"rendered":"Thank you"},"content":{"rendered":"\t\t<div data-elementor-type=\"wp-page\" data-elementor-id=\"3749\" class=\"elementor elementor-3749\" data-elementor-settings=\"[]\">\n\t\t\t\t\t\t<div class=\"elementor-inner\">\n\t\t\t\t\t\t\t<div class=\"elementor-section-wrap\">\n\t\t\t\t\t\t\t<section class=\"elementor-section elementor-top-section elementor-element elementor-element-7b44055 elementor-section-boxed elementor-section-height-default elementor-section-height-default\" data-id=\"7b44055\" data-element_type=\"section\">\n\t\t\t\t\t\t<div class=\"elementor-container elementor-column-gap-default\">\n\t\t\t\t\t\t\t<div class=\"elementor-row\">\n\t\t\t\t\t<div class=\"elementor-column elementor-col-100 elementor-top-column elementor-element elementor-element-5a9e5b4\" data-id=\"5a9e5b4\" data-element_type=\"column\">\n\t\t\t<div class=\"elementor-column-wrap elementor-element-populated\">\n\t\t\t\t\t\t\t<div class=\"elementor-widget-wrap\">\n\t\t\t\t\t\t<div class=\"elementor-element elementor-element-208b0c0 elementor-widget elementor-widget-heading\" data-id=\"208b0c0\" data-element_type=\"widget\" data-widget_type=\"heading.default\">\n\t\t\t\t<div class=\"elementor-widget-container\">\n\t\t\t<h2 class=\"elementor-heading-title elementor-size-default\">Thank you!<\/h2>\t\t<\/div>\n\t\t\t\t<\/div>\n\t\t\t\t<div class=\"elementor-element elementor-element-74b30c1 elementor-widget elementor-widget-text-editor\" data-id=\"74b30c1\" data-element_type=\"widget\" data-widget_type=\"text-editor.default\">\n\t\t\t\t<div class=\"elementor-widget-container\">\n\t\t\t\t\t\t\t\t<div class=\"elementor-text-editor elementor-clearfix\">\n\t\t\t\t\t<p style=\"text-align: center;\">We&#8217;ll be in touch soon.<\/p>\t\t\t\t\t<\/div>\n\t\t\t\t\t\t<\/div>\n\t\t\t\t<\/div>\n\t\t\t\t<div class=\"elementor-element elementor-element-40495d3 elementor-widget elementor-widget-html\" data-id=\"40495d3\" data-element_type=\"widget\" data-widget_type=\"html.default\">\n\t\t\t\t<div class=\"elementor-widget-container\">\n\t\t\t<meta http-equiv=\"refresh\" content=\"3;url=https:\/\/www.lib.space\/en\/\" \/>\t\t<\/div>\n\t\t\t\t<\/div>\n\t\t\t\t\t\t<\/div>\n\t\t\t\t\t<\/div>\n\t\t<\/div>\n\t\t\t\t\t\t\t\t<\/div>\n\t\t\t\t\t<\/div>\n\t\t<\/section>\n\t\t\t\t\t\t<\/div>\n\t\t\t\t\t\t<\/div>\n\t\t\t\t\t<\/div>\n\t\t","protected":false},"excerpt":{"rendered":"<p>Thank you! We&#8217;ll be in touch soon.<\/p>\n","protected":false},"author":1,"featured_media":0,"parent":0,"menu_order":0,"comment_status":"closed","ping_status":"closed","template":"","meta":[],"yoast_head":"<!-- This site is optimized with the Yoast SEO plugin v16.8 - https:\/\/yoast.com\/wordpress\/plugins\/seo\/ -->\n<title>Thank you - lib.space<\/title>\n<meta name=\"robots\" content=\"index, follow, max-snippet:-1, max-image-preview:large, max-video-preview:-1\" \/>\n<link rel=\"canonical\" href=\"https:\/\/www.lib.space\/en\/thank-you\/\" \/>\n<meta property=\"og:locale\" content=\"en_US\" \/>\n<meta property=\"og:type\" content=\"article\" \/>\n<meta property=\"og:title\" content=\"Thank you - lib.space\" \/>\n<meta property=\"og:description\" content=\"Thank you! We&#8217;ll be in touch soon.\" \/>\n<meta property=\"og:url\" content=\"https:\/\/www.lib.space\/en\/thank-you\/\" \/>\n<meta property=\"og:site_name\" content=\"lib.space\" \/>\n<meta property=\"article:modified_time\" content=\"2021-01-15T17:07:55+00:00\" \/>\n<meta name=\"twitter:card\" content=\"summary_large_image\" \/>\n<script type=\"application\/ld+json\" class=\"yoast-schema-graph\">{\"@context\":\"https:\/\/schema.org\",\"@graph\":[{\"@type\":\"WebSite\",\"@id\":\"https:\/\/www.lib.space\/#website\",\"url\":\"https:\/\/www.lib.space\/\",\"name\":\"lib.space\",\"description\":\"Am\\u00e9nagement de bureau | Montr\\u00e9al | Strat\\u00e9gie, Design, Contruction\",\"potentialAction\":[{\"@type\":\"SearchAction\",\"target\":{\"@type\":\"EntryPoint\",\"urlTemplate\":\"https:\/\/www.lib.space\/?s={search_term_string}\"},\"query-input\":\"required name=search_term_string\"}],\"inLanguage\":\"en-US\"},{\"@type\":\"WebPage\",\"@id\":\"https:\/\/www.lib.space\/en\/thank-you\/#webpage\",\"url\":\"https:\/\/www.lib.space\/en\/thank-you\/\",\"name\":\"Thank you - lib.space\",\"isPartOf\":{\"@id\":\"https:\/\/www.lib.space\/#website\"},\"datePublished\":\"2021-01-15T15:19:06+00:00\",\"dateModified\":\"2021-01-15T17:07:55+00:00\",\"breadcrumb\":{\"@id\":\"https:\/\/www.lib.space\/en\/thank-you\/#breadcrumb\"},\"inLanguage\":\"en-US\",\"potentialAction\":[{\"@type\":\"ReadAction\",\"target\":[\"https:\/\/www.lib.space\/en\/thank-you\/\"]}]},{\"@type\":\"BreadcrumbList\",\"@id\":\"https:\/\/www.lib.space\/en\/thank-you\/#breadcrumb\",\"itemListElement\":[{\"@type\":\"ListItem\",\"position\":1,\"name\":\"Home\",\"item\":\"https:\/\/www.lib.space\/en\/\"},{\"@type\":\"ListItem\",\"position\":2,\"name\":\"Thank you\"}]}]}<\/script>\n<!-- \/ Yoast SEO plugin. -->","yoast_head_json":{"title":"Thank you - lib.space","robots":{"index":"index","follow":"follow","max-snippet":"max-snippet:-1","max-image-preview":"max-image-preview:large","max-video-preview":"max-video-preview:-1"},"canonical":"https:\/\/www.lib.space\/en\/thank-you\/","og_locale":"en_US","og_type":"article","og_title":"Thank you - lib.space","og_description":"Thank you! We&#8217;ll be in touch soon.","og_url":"https:\/\/www.lib.space\/en\/thank-you\/","og_site_name":"lib.space","article_modified_time":"2021-01-15T17:07:55+00:00","twitter_card":"summary_large_image","schema":{"@context":"https:\/\/schema.org","@graph":[{"@type":"WebSite","@id":"https:\/\/www.lib.space\/#website","url":"https:\/\/www.lib.space\/","name":"lib.space","description":"Am\u00e9nagement de bureau | Montr\u00e9al | Strat\u00e9gie, Design, Contruction","potentialAction":[{"@type":"SearchAction","target":{"@type":"EntryPoint","urlTemplate":"https:\/\/www.lib.space\/?s={search_term_string}"},"query-input":"required name=search_term_string"}],"inLanguage":"en-US"},{"@type":"WebPage","@id":"https:\/\/www.lib.space\/en\/thank-you\/#webpage","url":"https:\/\/www.lib.space\/en\/thank-you\/","name":"Thank you - lib.space","isPartOf":{"@id":"https:\/\/www.lib.space\/#website"},"datePublished":"2021-01-15T15:19:06+00:00","dateModified":"2021-01-15T17:07:55+00:00","breadcrumb":{"@id":"https:\/\/www.lib.space\/en\/thank-you\/#breadcrumb"},"inLanguage":"en-US","potentialAction":[{"@type":"ReadAction","target":["https:\/\/www.lib.space\/en\/thank-you\/"]}]},{"@type":"BreadcrumbList","@id":"https:\/\/www.lib.space\/en\/thank-you\/#breadcrumb","itemListElement":[{"@type":"ListItem","position":1,"name":"Home","item":"https:\/\/www.lib.space\/en\/"},{"@type":"ListItem","position":2,"name":"Thank you"}]}]}},"_links":{"self":[{"href":"https:\/\/www.lib.space\/en\/wp-json\/wp\/v2\/pages\/3749"}],"collection":[{"href":"https:\/\/www.lib.space\/en\/wp-json\/wp\/v2\/pages"}],"about":[{"href":"https:\/\/www.lib.space\/en\/wp-json\/wp\/v2\/types\/page"}],"author":[{"embeddable":true,"href":"https:\/\/www.lib.space\/en\/wp-json\/wp\/v2\/users\/1"}],"replies":[{"embeddable":true,"href":"https:\/\/www.lib.space\/en\/wp-json\/wp\/v2\/comments?post=3749"}],"version-history":[{"count":50,"href":"https:\/\/www.lib.space\/en\/wp-json\/wp\/v2\/pages\/3749\/revisions"}],"predecessor-version":[{"id":4211,"href":"https:\/\/www.lib.space\/en\/wp-json\/wp\/v2\/pages\/3749\/revisions\/4211"}],"wp:attachment":[{"href":"https:\/\/www.lib.space\/en\/wp-json\/wp\/v2\/media?parent=3749"}],"curies":[{"name":"wp","href":"https:\/\/api.w.org\/{rel}","templated":true}]}}